{"id":7956,"date":"2019-06-14T09:38:56","date_gmt":"2019-06-14T07:38:56","guid":{"rendered":"https:\/\/agro-kuca.hr\/\/?page_id=7956"},"modified":"2019-07-01T09:29:54","modified_gmt":"2019-07-01T07:29:54","slug":"about-us","status":"publish","type":"page","link":"https:\/\/agro-kuca.hr\/en\/about-us\/","title":{"rendered":"About Us"},"content":{"rendered":"\n<p style=\"color:#15860a\" class=\"has-text-color has-medium-font-size\">Welcome to our pages<br>Our mission is to be your partner in all activities that support living with Nature.<\/p>\n\n\n\n<p style=\"color:#15860a\" class=\"has-text-color has-medium-font-size\">Our vision is to develop and grow along with you and to be the synonym for support in all branches of agriculture. We are focused on retail, wholesale and production and we pay equal attention to gardeners, fruit and vegetable growers, winegrowers, farmers and others, regardless of the scope and size of their business.<\/p>\n\n\n\n<p style=\"color:#15860a\" class=\"has-text-color has-medium-font-size\">We are situated in Koprivnica (Croatia) but through this site and our contacts we reach much farther.<\/p>\n\n\n\n<p style=\"color:#15860a\" class=\"has-text-color has-medium-font-size\">The proof that we are on the right track is a fact that we&#8217;ve been at your disposal for three decades in this business, thanks to mutual confidence. We are recognized as a steady support that is always at your service, by offer, advice or recommendation.<\/p>\n\n\n\n<p style=\"color:#15860a\" class=\"has-text-color has-medium-font-size\">We have begun our journey as a specialized wholesale and retail of plant protection products, seeds, flowers, plants, seedlings, fertilizers, agricultural equipment, tools and others. It started in 1991.<\/p>\n\n\n\n<p style=\"color:#15860a\" class=\"has-text-color has-medium-font-size\">Since then our business has been growing steadily. In 2015, we opened a Garden Center in Koprivnica, which is equiped with large greenhouses for planting flowers and decorative plants. We offer everything neccessary that can help you grow your plants. A rich assortment is constantly complemented, and a part of our offer is presented on this site. <\/p>\n\n\n\n<p style=\"color:#15860a\" class=\"has-text-color has-medium-font-size\">We are always looking for partners so don&#8217;t hesitate to contact us.<\/p>\n\n\n\n<p style=\"color:#15860a\" class=\"has-text-color has-medium-font-size\">In 2014, our company expanded its activity on tourism \u2013 we rent apartments in a romantic tourist settlement Srima, nearby Vodice.<\/p>\n\n\n\n<p style=\"color:#15860a\" class=\"has-text-color has-medium-font-size\">Click, choose, enjoy the offer &#8211; visit us or contact us.<\/p>\n\n\n\n<p style=\"color:#15860a\" class=\"has-text-color has-medium-font-size\">Your Agroku\u0107a team.<\/p>\n\n\n\n<p><strong>Company:<\/strong> AGRO-KU\u0106A production, trade and services, d.o.o.<br><strong>Headquarters:<\/strong> Bra\u0107e Radi\u0107 47, 48000 Koprivnica, Croatia<br>Company registered in the Commercial Court Register in Bjelovar, 21.05.1991.<br>Founder, board member and director: Sla\u0111ana Fege\u0161, representing the company independently and without limitation.<br><strong>Core capital:<\/strong> 367.200,00 kuna, paid in full<br><strong>MBS:<\/strong> 010030222 <strong>OIB: <\/strong>12376798221<br>Business Account IBAN no. HR3323860021100503185, opened at Podravska banka d.d., Koprivnica<\/p>\n","protected":false},"excerpt":{"rendered":"<p>Welcome to our pagesOur mission is to be your partner in all activities that support living with Nature. Our vision [&hellip;]<\/p>\n","protected":false},"author":2,"featured_media":0,"parent":0,"menu_order":0,"comment_status":"closed","ping_status":"closed","template":"","meta":{"_acf_changed":false,"footnotes":""},"class_list":["post-7956","page","type-page","status-publish","hentry"],"acf":[],"yoast_head":"<!-- This site is optimized with the Yoast SEO plugin v25.8 - https:\/\/yoast.com\/wordpress\/plugins\/seo\/ -->\n<title>About Us - Agro-ku\u0107a d.o.o., Koprivnica<\/title>\n<meta name=\"robots\" content=\"index, follow, max-snippet:-1, max-image-preview:large, max-video-preview:-1\" \/>\n<link rel=\"canonical\" href=\"https:\/\/agro-kuca.hr\/en\/about-us\/\" \/>\n<meta property=\"og:locale\" content=\"en_US\" \/>\n<meta property=\"og:type\" content=\"article\" \/>\n<meta property=\"og:title\" content=\"About Us - Agro-ku\u0107a d.o.o., Koprivnica\" \/>\n<meta property=\"og:description\" content=\"Welcome to our pagesOur mission is to be your partner in all activities that support living with Nature. Our vision [&hellip;]\" \/>\n<meta property=\"og:url\" content=\"https:\/\/agro-kuca.hr\/en\/about-us\/\" \/>\n<meta property=\"og:site_name\" content=\"Agro-ku\u0107a d.o.o., Koprivnica\" \/>\n<meta property=\"article:publisher\" content=\"https:\/\/www.facebook.com\/AgroKucaKoprivnica\/\" \/>\n<meta property=\"article:modified_time\" content=\"2019-07-01T07:29:54+00:00\" \/>\n<meta property=\"og:image\" content=\"https:\/\/agro-kuca.hr\/wp-content\/uploads\/2019\/06\/naslovna-1-1024x765.jpg\" \/>\n\t<meta property=\"og:image:width\" content=\"1024\" \/>\n\t<meta property=\"og:image:height\" content=\"765\" \/>\n\t<meta property=\"og:image:type\" content=\"image\/jpeg\" \/>\n<meta name=\"twitter:card\" content=\"summary_large_image\" \/>\n<meta name=\"twitter:label1\" content=\"Est. reading time\" \/>\n\t<meta name=\"twitter:data1\" content=\"2 minutes\" \/>\n<script type=\"application\/ld+json\" class=\"yoast-schema-graph\">{\"@context\":\"https:\/\/schema.org\",\"@graph\":[{\"@type\":\"WebPage\",\"@id\":\"https:\/\/agro-kuca.hr\/en\/about-us\/\",\"url\":\"https:\/\/agro-kuca.hr\/en\/about-us\/\",\"name\":\"About Us - Agro-ku\u0107a d.o.o., Koprivnica\",\"isPartOf\":{\"@id\":\"https:\/\/agro-kuca.hr\/#website\"},\"datePublished\":\"2019-06-14T07:38:56+00:00\",\"dateModified\":\"2019-07-01T07:29:54+00:00\",\"breadcrumb\":{\"@id\":\"https:\/\/agro-kuca.hr\/en\/about-us\/#breadcrumb\"},\"inLanguage\":\"en-US\",\"potentialAction\":[{\"@type\":\"ReadAction\",\"target\":[\"https:\/\/agro-kuca.hr\/en\/about-us\/\"]}]},{\"@type\":\"BreadcrumbList\",\"@id\":\"https:\/\/agro-kuca.hr\/en\/about-us\/#breadcrumb\",\"itemListElement\":[{\"@type\":\"ListItem\",\"position\":1,\"name\":\"Po\u010detna stranica\",\"item\":\"https:\/\/agro-kuca.hr\/\"},{\"@type\":\"ListItem\",\"position\":2,\"name\":\"About Us\"}]},{\"@type\":\"WebSite\",\"@id\":\"https:\/\/agro-kuca.hr\/#website\",\"url\":\"https:\/\/agro-kuca.hr\/\",\"name\":\"Agro-ku\u0107a d.o.o., Koprivnica\",\"description\":\"Agro-ku\u0107a d.o.o. sa sjedi\u0161tem u Koprivnici. Veleprodaja i maloprodaja proizvoda za poljoprivredu. Vrtni centar. Turizam.\",\"publisher\":{\"@id\":\"https:\/\/agro-kuca.hr\/#organization\"},\"potentialAction\":[{\"@type\":\"SearchAction\",\"target\":{\"@type\":\"EntryPoint\",\"urlTemplate\":\"https:\/\/agro-kuca.hr\/?s={search_term_string}\"},\"query-input\":{\"@type\":\"PropertyValueSpecification\",\"valueRequired\":true,\"valueName\":\"search_term_string\"}}],\"inLanguage\":\"en-US\"},{\"@type\":\"Organization\",\"@id\":\"https:\/\/agro-kuca.hr\/#organization\",\"name\":\"Agro-ku\u0107a d.o.o.\",\"url\":\"https:\/\/agro-kuca.hr\/\",\"logo\":{\"@type\":\"ImageObject\",\"inLanguage\":\"en-US\",\"@id\":\"https:\/\/agro-kuca.hr\/#\/schema\/logo\/image\/\",\"url\":\"https:\/\/agro-kuca.hr\/wp-content\/uploads\/2019\/07\/agrokuca-logo.png\",\"contentUrl\":\"https:\/\/agro-kuca.hr\/wp-content\/uploads\/2019\/07\/agrokuca-logo.png\",\"width\":300,\"height\":84,\"caption\":\"Agro-ku\u0107a d.o.o.\"},\"image\":{\"@id\":\"https:\/\/agro-kuca.hr\/#\/schema\/logo\/image\/\"},\"sameAs\":[\"https:\/\/www.facebook.com\/AgroKucaKoprivnica\/\"]}]}<\/script>\n<!-- \/ Yoast SEO plugin. -->","yoast_head_json":{"title":"About Us - Agro-ku\u0107a d.o.o., Koprivnica","robots":{"index":"index","follow":"follow","max-snippet":"max-snippet:-1","max-image-preview":"max-image-preview:large","max-video-preview":"max-video-preview:-1"},"canonical":"https:\/\/agro-kuca.hr\/en\/about-us\/","og_locale":"en_US","og_type":"article","og_title":"About Us - Agro-ku\u0107a d.o.o., Koprivnica","og_description":"Welcome to our pagesOur mission is to be your partner in all activities that support living with Nature. Our vision [&hellip;]","og_url":"https:\/\/agro-kuca.hr\/en\/about-us\/","og_site_name":"Agro-ku\u0107a d.o.o., Koprivnica","article_publisher":"https:\/\/www.facebook.com\/AgroKucaKoprivnica\/","article_modified_time":"2019-07-01T07:29:54+00:00","og_image":[{"width":1024,"height":765,"url":"https:\/\/agro-kuca.hr\/wp-content\/uploads\/2019\/06\/naslovna-1-1024x765.jpg","type":"image\/jpeg"}],"twitter_card":"summary_large_image","twitter_misc":{"Est. reading time":"2 minutes"},"schema":{"@context":"https:\/\/schema.org","@graph":[{"@type":"WebPage","@id":"https:\/\/agro-kuca.hr\/en\/about-us\/","url":"https:\/\/agro-kuca.hr\/en\/about-us\/","name":"About Us - Agro-ku\u0107a d.o.o., Koprivnica","isPartOf":{"@id":"https:\/\/agro-kuca.hr\/#website"},"datePublished":"2019-06-14T07:38:56+00:00","dateModified":"2019-07-01T07:29:54+00:00","breadcrumb":{"@id":"https:\/\/agro-kuca.hr\/en\/about-us\/#breadcrumb"},"inLanguage":"en-US","potentialAction":[{"@type":"ReadAction","target":["https:\/\/agro-kuca.hr\/en\/about-us\/"]}]},{"@type":"BreadcrumbList","@id":"https:\/\/agro-kuca.hr\/en\/about-us\/#breadcrumb","itemListElement":[{"@type":"ListItem","position":1,"name":"Po\u010detna stranica","item":"https:\/\/agro-kuca.hr\/"},{"@type":"ListItem","position":2,"name":"About Us"}]},{"@type":"WebSite","@id":"https:\/\/agro-kuca.hr\/#website","url":"https:\/\/agro-kuca.hr\/","name":"Agro-ku\u0107a d.o.o., Koprivnica","description":"Agro-ku\u0107a d.o.o. sa sjedi\u0161tem u Koprivnici. Veleprodaja i maloprodaja proizvoda za poljoprivredu. Vrtni centar. Turizam.","publisher":{"@id":"https:\/\/agro-kuca.hr\/#organization"},"potentialAction":[{"@type":"SearchAction","target":{"@type":"EntryPoint","urlTemplate":"https:\/\/agro-kuca.hr\/?s={search_term_string}"},"query-input":{"@type":"PropertyValueSpecification","valueRequired":true,"valueName":"search_term_string"}}],"inLanguage":"en-US"},{"@type":"Organization","@id":"https:\/\/agro-kuca.hr\/#organization","name":"Agro-ku\u0107a d.o.o.","url":"https:\/\/agro-kuca.hr\/","logo":{"@type":"ImageObject","inLanguage":"en-US","@id":"https:\/\/agro-kuca.hr\/#\/schema\/logo\/image\/","url":"https:\/\/agro-kuca.hr\/wp-content\/uploads\/2019\/07\/agrokuca-logo.png","contentUrl":"https:\/\/agro-kuca.hr\/wp-content\/uploads\/2019\/07\/agrokuca-logo.png","width":300,"height":84,"caption":"Agro-ku\u0107a d.o.o."},"image":{"@id":"https:\/\/agro-kuca.hr\/#\/schema\/logo\/image\/"},"sameAs":["https:\/\/www.facebook.com\/AgroKucaKoprivnica\/"]}]}},"_links":{"self":[{"href":"https:\/\/agro-kuca.hr\/en\/wp-json\/wp\/v2\/pages\/7956","targetHints":{"allow":["GET"]}}],"collection":[{"href":"https:\/\/agro-kuca.hr\/en\/wp-json\/wp\/v2\/pages"}],"about":[{"href":"https:\/\/agro-kuca.hr\/en\/wp-json\/wp\/v2\/types\/page"}],"author":[{"embeddable":true,"href":"https:\/\/agro-kuca.hr\/en\/wp-json\/wp\/v2\/users\/2"}],"replies":[{"embeddable":true,"href":"https:\/\/agro-kuca.hr\/en\/wp-json\/wp\/v2\/comments?post=7956"}],"version-history":[{"count":0,"href":"https:\/\/agro-kuca.hr\/en\/wp-json\/wp\/v2\/pages\/7956\/revisions"}],"wp:attachment":[{"href":"https:\/\/agro-kuca.hr\/en\/wp-json\/wp\/v2\/media?parent=7956"}],"curies":[{"name":"wp","href":"https:\/\/api.w.org\/{rel}","templated":true}]}}