{"id":11668,"date":"2019-11-15T13:31:11","date_gmt":"2019-11-15T12:31:11","guid":{"rendered":"https:\/\/agro-kuca.hr\/?post_type=product&#038;p=11668"},"modified":"2025-10-23T09:34:36","modified_gmt":"2025-10-23T07:34:36","slug":"tacna-14x40-cm-siva-rustika","status":"publish","type":"product","link":"https:\/\/agro-kuca.hr\/en\/proizvod\/tacna-14x40-cm-siva-rustika\/","title":{"rendered":"TACNA 14&#215;40 cm SIVA RUSTIKA"},"content":{"rendered":"","protected":false},"excerpt":{"rendered":"","protected":false},"featured_media":11669,"template":"","meta":{"_acf_changed":false},"product_brand":[],"product_cat":[77],"product_tag":[],"class_list":{"0":"post-11668","1":"product","2":"type-product","3":"status-publish","4":"has-post-thumbnail","6":"product_cat-posude","8":"first","9":"outofstock","10":"shipping-taxable","11":"purchasable","12":"product-type-simple"},"acf":[],"yoast_head":"<!-- This site is optimized with the Yoast SEO plugin v25.8 - https:\/\/yoast.com\/wordpress\/plugins\/seo\/ -->\n<title>TACNA 14x40 cm SIVA RUSTIKA - Agro-ku\u0107a d.o.o., Koprivnica<\/title>\n<meta name=\"robots\" content=\"index, follow, max-snippet:-1, max-image-preview:large, max-video-preview:-1\" \/>\n<link rel=\"canonical\" href=\"https:\/\/agro-kuca.hr\/proizvod\/tacna-14x40-cm-siva-rustika\/\" \/>\n<meta property=\"og:locale\" content=\"en_US\" \/>\n<meta property=\"og:type\" content=\"article\" \/>\n<meta property=\"og:title\" content=\"TACNA 14x40 cm SIVA RUSTIKA - Agro-ku\u0107a d.o.o., Koprivnica\" \/>\n<meta property=\"og:url\" content=\"https:\/\/agro-kuca.hr\/proizvod\/tacna-14x40-cm-siva-rustika\/\" \/>\n<meta property=\"og:site_name\" content=\"Agro-ku\u0107a d.o.o., Koprivnica\" \/>\n<meta property=\"article:publisher\" content=\"https:\/\/www.facebook.com\/AgroKucaKoprivnica\/\" \/>\n<meta property=\"article:modified_time\" content=\"2025-10-23T07:34:36+00:00\" \/>\n<meta property=\"og:image\" content=\"https:\/\/agro-kuca.hr\/wp-content\/uploads\/2019\/11\/ACC670600.jpg\" \/>\n\t<meta property=\"og:image:width\" content=\"4020\" \/>\n\t<meta property=\"og:image:height\" content=\"1355\" \/>\n\t<meta property=\"og:image:type\" content=\"image\/jpeg\" \/>\n<meta name=\"twitter:card\" content=\"summary_large_image\" \/>\n<script type=\"application\/ld+json\" class=\"yoast-schema-graph\">{\"@context\":\"https:\/\/schema.org\",\"@graph\":[{\"@type\":\"WebPage\",\"@id\":\"https:\/\/agro-kuca.hr\/proizvod\/tacna-14x40-cm-siva-rustika\/\",\"url\":\"https:\/\/agro-kuca.hr\/proizvod\/tacna-14x40-cm-siva-rustika\/\",\"name\":\"TACNA 14x40 cm SIVA RUSTIKA - Agro-ku\u0107a d.o.o., Koprivnica\",\"isPartOf\":{\"@id\":\"https:\/\/agro-kuca.hr\/#website\"},\"primaryImageOfPage\":{\"@id\":\"https:\/\/agro-kuca.hr\/proizvod\/tacna-14x40-cm-siva-rustika\/#primaryimage\"},\"image\":{\"@id\":\"https:\/\/agro-kuca.hr\/proizvod\/tacna-14x40-cm-siva-rustika\/#primaryimage\"},\"thumbnailUrl\":\"https:\/\/agro-kuca.hr\/wp-content\/uploads\/2019\/11\/ACC670600.jpg\",\"datePublished\":\"2019-11-15T12:31:11+00:00\",\"dateModified\":\"2025-10-23T07:34:36+00:00\",\"breadcrumb\":{\"@id\":\"https:\/\/agro-kuca.hr\/proizvod\/tacna-14x40-cm-siva-rustika\/#breadcrumb\"},\"inLanguage\":\"en-US\",\"potentialAction\":[{\"@type\":\"ReadAction\",\"target\":[\"https:\/\/agro-kuca.hr\/proizvod\/tacna-14x40-cm-siva-rustika\/\"]}]},{\"@type\":\"ImageObject\",\"inLanguage\":\"en-US\",\"@id\":\"https:\/\/agro-kuca.hr\/proizvod\/tacna-14x40-cm-siva-rustika\/#primaryimage\",\"url\":\"https:\/\/agro-kuca.hr\/wp-content\/uploads\/2019\/11\/ACC670600.jpg\",\"contentUrl\":\"https:\/\/agro-kuca.hr\/wp-content\/uploads\/2019\/11\/ACC670600.jpg\",\"width\":4020,\"height\":1355},{\"@type\":\"BreadcrumbList\",\"@id\":\"https:\/\/agro-kuca.hr\/proizvod\/tacna-14x40-cm-siva-rustika\/#breadcrumb\",\"itemListElement\":[{\"@type\":\"ListItem\",\"position\":1,\"name\":\"Po\u010detna stranica\",\"item\":\"https:\/\/agro-kuca.hr\/\"},{\"@type\":\"ListItem\",\"position\":2,\"name\":\"Trgovina\",\"item\":\"https:\/\/agro-kuca.hr\/trgovina\/\"},{\"@type\":\"ListItem\",\"position\":3,\"name\":\"TACNA 14&#215;40 cm SIVA RUSTIKA\"}]},{\"@type\":\"WebSite\",\"@id\":\"https:\/\/agro-kuca.hr\/#website\",\"url\":\"https:\/\/agro-kuca.hr\/\",\"name\":\"Agro-ku\u0107a d.o.o., Koprivnica\",\"description\":\"Agro-ku\u0107a d.o.o. sa sjedi\u0161tem u Koprivnici. Veleprodaja i maloprodaja proizvoda za poljoprivredu. Vrtni centar. Turizam.\",\"publisher\":{\"@id\":\"https:\/\/agro-kuca.hr\/#organization\"},\"potentialAction\":[{\"@type\":\"SearchAction\",\"target\":{\"@type\":\"EntryPoint\",\"urlTemplate\":\"https:\/\/agro-kuca.hr\/?s={search_term_string}\"},\"query-input\":{\"@type\":\"PropertyValueSpecification\",\"valueRequired\":true,\"valueName\":\"search_term_string\"}}],\"inLanguage\":\"en-US\"},{\"@type\":\"Organization\",\"@id\":\"https:\/\/agro-kuca.hr\/#organization\",\"name\":\"Agro-ku\u0107a d.o.o.\",\"url\":\"https:\/\/agro-kuca.hr\/\",\"logo\":{\"@type\":\"ImageObject\",\"inLanguage\":\"en-US\",\"@id\":\"https:\/\/agro-kuca.hr\/#\/schema\/logo\/image\/\",\"url\":\"https:\/\/agro-kuca.hr\/wp-content\/uploads\/2019\/07\/agrokuca-logo.png\",\"contentUrl\":\"https:\/\/agro-kuca.hr\/wp-content\/uploads\/2019\/07\/agrokuca-logo.png\",\"width\":300,\"height\":84,\"caption\":\"Agro-ku\u0107a d.o.o.\"},\"image\":{\"@id\":\"https:\/\/agro-kuca.hr\/#\/schema\/logo\/image\/\"},\"sameAs\":[\"https:\/\/www.facebook.com\/AgroKucaKoprivnica\/\"]}]}<\/script>\n<!-- \/ Yoast SEO plugin. -->","yoast_head_json":{"title":"TACNA 14x40 cm SIVA RUSTIKA - Agro-ku\u0107a d.o.o., Koprivnica","robots":{"index":"index","follow":"follow","max-snippet":"max-snippet:-1","max-image-preview":"max-image-preview:large","max-video-preview":"max-video-preview:-1"},"canonical":"https:\/\/agro-kuca.hr\/proizvod\/tacna-14x40-cm-siva-rustika\/","og_locale":"en_US","og_type":"article","og_title":"TACNA 14x40 cm SIVA RUSTIKA - Agro-ku\u0107a d.o.o., Koprivnica","og_url":"https:\/\/agro-kuca.hr\/proizvod\/tacna-14x40-cm-siva-rustika\/","og_site_name":"Agro-ku\u0107a d.o.o., Koprivnica","article_publisher":"https:\/\/www.facebook.com\/AgroKucaKoprivnica\/","article_modified_time":"2025-10-23T07:34:36+00:00","og_image":[{"width":4020,"height":1355,"url":"https:\/\/agro-kuca.hr\/wp-content\/uploads\/2019\/11\/ACC670600.jpg","type":"image\/jpeg"}],"twitter_card":"summary_large_image","schema":{"@context":"https:\/\/schema.org","@graph":[{"@type":"WebPage","@id":"https:\/\/agro-kuca.hr\/proizvod\/tacna-14x40-cm-siva-rustika\/","url":"https:\/\/agro-kuca.hr\/proizvod\/tacna-14x40-cm-siva-rustika\/","name":"TACNA 14x40 cm SIVA RUSTIKA - Agro-ku\u0107a d.o.o., Koprivnica","isPartOf":{"@id":"https:\/\/agro-kuca.hr\/#website"},"primaryImageOfPage":{"@id":"https:\/\/agro-kuca.hr\/proizvod\/tacna-14x40-cm-siva-rustika\/#primaryimage"},"image":{"@id":"https:\/\/agro-kuca.hr\/proizvod\/tacna-14x40-cm-siva-rustika\/#primaryimage"},"thumbnailUrl":"https:\/\/agro-kuca.hr\/wp-content\/uploads\/2019\/11\/ACC670600.jpg","datePublished":"2019-11-15T12:31:11+00:00","dateModified":"2025-10-23T07:34:36+00:00","breadcrumb":{"@id":"https:\/\/agro-kuca.hr\/proizvod\/tacna-14x40-cm-siva-rustika\/#breadcrumb"},"inLanguage":"en-US","potentialAction":[{"@type":"ReadAction","target":["https:\/\/agro-kuca.hr\/proizvod\/tacna-14x40-cm-siva-rustika\/"]}]},{"@type":"ImageObject","inLanguage":"en-US","@id":"https:\/\/agro-kuca.hr\/proizvod\/tacna-14x40-cm-siva-rustika\/#primaryimage","url":"https:\/\/agro-kuca.hr\/wp-content\/uploads\/2019\/11\/ACC670600.jpg","contentUrl":"https:\/\/agro-kuca.hr\/wp-content\/uploads\/2019\/11\/ACC670600.jpg","width":4020,"height":1355},{"@type":"BreadcrumbList","@id":"https:\/\/agro-kuca.hr\/proizvod\/tacna-14x40-cm-siva-rustika\/#breadcrumb","itemListElement":[{"@type":"ListItem","position":1,"name":"Po\u010detna stranica","item":"https:\/\/agro-kuca.hr\/"},{"@type":"ListItem","position":2,"name":"Trgovina","item":"https:\/\/agro-kuca.hr\/trgovina\/"},{"@type":"ListItem","position":3,"name":"TACNA 14&#215;40 cm SIVA RUSTIKA"}]},{"@type":"WebSite","@id":"https:\/\/agro-kuca.hr\/#website","url":"https:\/\/agro-kuca.hr\/","name":"Agro-ku\u0107a d.o.o., Koprivnica","description":"Agro-ku\u0107a d.o.o. sa sjedi\u0161tem u Koprivnici. Veleprodaja i maloprodaja proizvoda za poljoprivredu. Vrtni centar. Turizam.","publisher":{"@id":"https:\/\/agro-kuca.hr\/#organization"},"potentialAction":[{"@type":"SearchAction","target":{"@type":"EntryPoint","urlTemplate":"https:\/\/agro-kuca.hr\/?s={search_term_string}"},"query-input":{"@type":"PropertyValueSpecification","valueRequired":true,"valueName":"search_term_string"}}],"inLanguage":"en-US"},{"@type":"Organization","@id":"https:\/\/agro-kuca.hr\/#organization","name":"Agro-ku\u0107a d.o.o.","url":"https:\/\/agro-kuca.hr\/","logo":{"@type":"ImageObject","inLanguage":"en-US","@id":"https:\/\/agro-kuca.hr\/#\/schema\/logo\/image\/","url":"https:\/\/agro-kuca.hr\/wp-content\/uploads\/2019\/07\/agrokuca-logo.png","contentUrl":"https:\/\/agro-kuca.hr\/wp-content\/uploads\/2019\/07\/agrokuca-logo.png","width":300,"height":84,"caption":"Agro-ku\u0107a d.o.o."},"image":{"@id":"https:\/\/agro-kuca.hr\/#\/schema\/logo\/image\/"},"sameAs":["https:\/\/www.facebook.com\/AgroKucaKoprivnica\/"]}]}},"_links":{"self":[{"href":"https:\/\/agro-kuca.hr\/en\/wp-json\/wp\/v2\/product\/11668","targetHints":{"allow":["GET"]}}],"collection":[{"href":"https:\/\/agro-kuca.hr\/en\/wp-json\/wp\/v2\/product"}],"about":[{"href":"https:\/\/agro-kuca.hr\/en\/wp-json\/wp\/v2\/types\/product"}],"wp:featuredmedia":[{"embeddable":true,"href":"https:\/\/agro-kuca.hr\/en\/wp-json\/wp\/v2\/media\/11669"}],"wp:attachment":[{"href":"https:\/\/agro-kuca.hr\/en\/wp-json\/wp\/v2\/media?parent=11668"}],"wp:term":[{"taxonomy":"product_brand","embeddable":true,"href":"https:\/\/agro-kuca.hr\/en\/wp-json\/wp\/v2\/product_brand?post=11668"},{"taxonomy":"product_cat","embeddable":true,"href":"https:\/\/agro-kuca.hr\/en\/wp-json\/wp\/v2\/product_cat?post=11668"},{"taxonomy":"product_tag","embeddable":true,"href":"https:\/\/agro-kuca.hr\/en\/wp-json\/wp\/v2\/product_tag?post=11668"}],"curies":[{"name":"wp","href":"https:\/\/api.w.org\/{rel}","templated":true}]}}