{"id":24660,"date":"2024-04-20T11:46:12","date_gmt":"2024-04-20T09:46:12","guid":{"rendered":"https:\/\/agro-kuca.hr\/?post_type=product&#038;p=24660"},"modified":"2024-12-13T11:54:05","modified_gmt":"2024-12-13T10:54:05","slug":"ptica-stipaljka-set-2-1","status":"publish","type":"product","link":"https:\/\/agro-kuca.hr\/en\/proizvod\/ptica-stipaljka-set-2-1\/","title":{"rendered":"PTICA \u0160TIPALJKA SET 2\/1"},"content":{"rendered":"","protected":false},"excerpt":{"rendered":"","protected":false},"featured_media":24661,"template":"","meta":{"_acf_changed":false},"product_brand":[],"product_cat":[37],"product_tag":[],"class_list":{"0":"post-24660","1":"product","2":"type-product","3":"status-publish","4":"has-post-thumbnail","6":"product_cat-dekoracije","8":"first","9":"outofstock","10":"shipping-taxable","11":"purchasable","12":"product-type-simple"},"acf":[],"yoast_head":"<!-- This site is optimized with the Yoast SEO plugin v25.8 - https:\/\/yoast.com\/wordpress\/plugins\/seo\/ -->\n<title>PTICA \u0160TIPALJKA SET 2\/1 - Agro-ku\u0107a d.o.o., Koprivnica<\/title>\n<meta name=\"robots\" content=\"index, follow, max-snippet:-1, max-image-preview:large, max-video-preview:-1\" \/>\n<link rel=\"canonical\" href=\"https:\/\/agro-kuca.hr\/proizvod\/ptica-stipaljka-set-2-1\/\" \/>\n<meta property=\"og:locale\" content=\"en_US\" \/>\n<meta property=\"og:type\" content=\"article\" \/>\n<meta property=\"og:title\" content=\"PTICA \u0160TIPALJKA SET 2\/1 - Agro-ku\u0107a d.o.o., Koprivnica\" \/>\n<meta property=\"og:url\" content=\"https:\/\/agro-kuca.hr\/proizvod\/ptica-stipaljka-set-2-1\/\" \/>\n<meta property=\"og:site_name\" content=\"Agro-ku\u0107a d.o.o., Koprivnica\" \/>\n<meta property=\"article:publisher\" content=\"https:\/\/www.facebook.com\/AgroKucaKoprivnica\/\" \/>\n<meta property=\"article:modified_time\" content=\"2024-12-13T10:54:05+00:00\" \/>\n<meta property=\"og:image\" content=\"https:\/\/agro-kuca.hr\/wp-content\/uploads\/2024\/04\/49.jpg\" \/>\n\t<meta property=\"og:image:width\" content=\"256\" \/>\n\t<meta property=\"og:image:height\" content=\"145\" \/>\n\t<meta property=\"og:image:type\" content=\"image\/jpeg\" \/>\n<meta name=\"twitter:card\" content=\"summary_large_image\" \/>\n<script type=\"application\/ld+json\" class=\"yoast-schema-graph\">{\"@context\":\"https:\/\/schema.org\",\"@graph\":[{\"@type\":\"WebPage\",\"@id\":\"https:\/\/agro-kuca.hr\/proizvod\/ptica-stipaljka-set-2-1\/\",\"url\":\"https:\/\/agro-kuca.hr\/proizvod\/ptica-stipaljka-set-2-1\/\",\"name\":\"PTICA \u0160TIPALJKA SET 2\/1 - Agro-ku\u0107a d.o.o., Koprivnica\",\"isPartOf\":{\"@id\":\"https:\/\/agro-kuca.hr\/#website\"},\"primaryImageOfPage\":{\"@id\":\"https:\/\/agro-kuca.hr\/proizvod\/ptica-stipaljka-set-2-1\/#primaryimage\"},\"image\":{\"@id\":\"https:\/\/agro-kuca.hr\/proizvod\/ptica-stipaljka-set-2-1\/#primaryimage\"},\"thumbnailUrl\":\"https:\/\/agro-kuca.hr\/wp-content\/uploads\/2024\/04\/49.jpg\",\"datePublished\":\"2024-04-20T09:46:12+00:00\",\"dateModified\":\"2024-12-13T10:54:05+00:00\",\"breadcrumb\":{\"@id\":\"https:\/\/agro-kuca.hr\/proizvod\/ptica-stipaljka-set-2-1\/#breadcrumb\"},\"inLanguage\":\"en-US\",\"potentialAction\":[{\"@type\":\"ReadAction\",\"target\":[\"https:\/\/agro-kuca.hr\/proizvod\/ptica-stipaljka-set-2-1\/\"]}]},{\"@type\":\"ImageObject\",\"inLanguage\":\"en-US\",\"@id\":\"https:\/\/agro-kuca.hr\/proizvod\/ptica-stipaljka-set-2-1\/#primaryimage\",\"url\":\"https:\/\/agro-kuca.hr\/wp-content\/uploads\/2024\/04\/49.jpg\",\"contentUrl\":\"https:\/\/agro-kuca.hr\/wp-content\/uploads\/2024\/04\/49.jpg\",\"width\":256,\"height\":145},{\"@type\":\"BreadcrumbList\",\"@id\":\"https:\/\/agro-kuca.hr\/proizvod\/ptica-stipaljka-set-2-1\/#breadcrumb\",\"itemListElement\":[{\"@type\":\"ListItem\",\"position\":1,\"name\":\"Po\u010detna stranica\",\"item\":\"https:\/\/agro-kuca.hr\/\"},{\"@type\":\"ListItem\",\"position\":2,\"name\":\"Trgovina\",\"item\":\"https:\/\/agro-kuca.hr\/trgovina\/\"},{\"@type\":\"ListItem\",\"position\":3,\"name\":\"PTICA \u0160TIPALJKA SET 2\/1\"}]},{\"@type\":\"WebSite\",\"@id\":\"https:\/\/agro-kuca.hr\/#website\",\"url\":\"https:\/\/agro-kuca.hr\/\",\"name\":\"Agro-ku\u0107a d.o.o., Koprivnica\",\"description\":\"Agro-ku\u0107a d.o.o. sa sjedi\u0161tem u Koprivnici. Veleprodaja i maloprodaja proizvoda za poljoprivredu. Vrtni centar. Turizam.\",\"publisher\":{\"@id\":\"https:\/\/agro-kuca.hr\/#organization\"},\"potentialAction\":[{\"@type\":\"SearchAction\",\"target\":{\"@type\":\"EntryPoint\",\"urlTemplate\":\"https:\/\/agro-kuca.hr\/?s={search_term_string}\"},\"query-input\":{\"@type\":\"PropertyValueSpecification\",\"valueRequired\":true,\"valueName\":\"search_term_string\"}}],\"inLanguage\":\"en-US\"},{\"@type\":\"Organization\",\"@id\":\"https:\/\/agro-kuca.hr\/#organization\",\"name\":\"Agro-ku\u0107a d.o.o.\",\"url\":\"https:\/\/agro-kuca.hr\/\",\"logo\":{\"@type\":\"ImageObject\",\"inLanguage\":\"en-US\",\"@id\":\"https:\/\/agro-kuca.hr\/#\/schema\/logo\/image\/\",\"url\":\"https:\/\/agro-kuca.hr\/wp-content\/uploads\/2019\/07\/agrokuca-logo.png\",\"contentUrl\":\"https:\/\/agro-kuca.hr\/wp-content\/uploads\/2019\/07\/agrokuca-logo.png\",\"width\":300,\"height\":84,\"caption\":\"Agro-ku\u0107a d.o.o.\"},\"image\":{\"@id\":\"https:\/\/agro-kuca.hr\/#\/schema\/logo\/image\/\"},\"sameAs\":[\"https:\/\/www.facebook.com\/AgroKucaKoprivnica\/\"]}]}<\/script>\n<!-- \/ Yoast SEO plugin. -->","yoast_head_json":{"title":"PTICA \u0160TIPALJKA SET 2\/1 - Agro-ku\u0107a d.o.o., Koprivnica","robots":{"index":"index","follow":"follow","max-snippet":"max-snippet:-1","max-image-preview":"max-image-preview:large","max-video-preview":"max-video-preview:-1"},"canonical":"https:\/\/agro-kuca.hr\/proizvod\/ptica-stipaljka-set-2-1\/","og_locale":"en_US","og_type":"article","og_title":"PTICA \u0160TIPALJKA SET 2\/1 - Agro-ku\u0107a d.o.o., Koprivnica","og_url":"https:\/\/agro-kuca.hr\/proizvod\/ptica-stipaljka-set-2-1\/","og_site_name":"Agro-ku\u0107a d.o.o., Koprivnica","article_publisher":"https:\/\/www.facebook.com\/AgroKucaKoprivnica\/","article_modified_time":"2024-12-13T10:54:05+00:00","og_image":[{"width":256,"height":145,"url":"https:\/\/agro-kuca.hr\/wp-content\/uploads\/2024\/04\/49.jpg","type":"image\/jpeg"}],"twitter_card":"summary_large_image","schema":{"@context":"https:\/\/schema.org","@graph":[{"@type":"WebPage","@id":"https:\/\/agro-kuca.hr\/proizvod\/ptica-stipaljka-set-2-1\/","url":"https:\/\/agro-kuca.hr\/proizvod\/ptica-stipaljka-set-2-1\/","name":"PTICA \u0160TIPALJKA SET 2\/1 - Agro-ku\u0107a d.o.o., Koprivnica","isPartOf":{"@id":"https:\/\/agro-kuca.hr\/#website"},"primaryImageOfPage":{"@id":"https:\/\/agro-kuca.hr\/proizvod\/ptica-stipaljka-set-2-1\/#primaryimage"},"image":{"@id":"https:\/\/agro-kuca.hr\/proizvod\/ptica-stipaljka-set-2-1\/#primaryimage"},"thumbnailUrl":"https:\/\/agro-kuca.hr\/wp-content\/uploads\/2024\/04\/49.jpg","datePublished":"2024-04-20T09:46:12+00:00","dateModified":"2024-12-13T10:54:05+00:00","breadcrumb":{"@id":"https:\/\/agro-kuca.hr\/proizvod\/ptica-stipaljka-set-2-1\/#breadcrumb"},"inLanguage":"en-US","potentialAction":[{"@type":"ReadAction","target":["https:\/\/agro-kuca.hr\/proizvod\/ptica-stipaljka-set-2-1\/"]}]},{"@type":"ImageObject","inLanguage":"en-US","@id":"https:\/\/agro-kuca.hr\/proizvod\/ptica-stipaljka-set-2-1\/#primaryimage","url":"https:\/\/agro-kuca.hr\/wp-content\/uploads\/2024\/04\/49.jpg","contentUrl":"https:\/\/agro-kuca.hr\/wp-content\/uploads\/2024\/04\/49.jpg","width":256,"height":145},{"@type":"BreadcrumbList","@id":"https:\/\/agro-kuca.hr\/proizvod\/ptica-stipaljka-set-2-1\/#breadcrumb","itemListElement":[{"@type":"ListItem","position":1,"name":"Po\u010detna stranica","item":"https:\/\/agro-kuca.hr\/"},{"@type":"ListItem","position":2,"name":"Trgovina","item":"https:\/\/agro-kuca.hr\/trgovina\/"},{"@type":"ListItem","position":3,"name":"PTICA \u0160TIPALJKA SET 2\/1"}]},{"@type":"WebSite","@id":"https:\/\/agro-kuca.hr\/#website","url":"https:\/\/agro-kuca.hr\/","name":"Agro-ku\u0107a d.o.o., Koprivnica","description":"Agro-ku\u0107a d.o.o. sa sjedi\u0161tem u Koprivnici. Veleprodaja i maloprodaja proizvoda za poljoprivredu. Vrtni centar. Turizam.","publisher":{"@id":"https:\/\/agro-kuca.hr\/#organization"},"potentialAction":[{"@type":"SearchAction","target":{"@type":"EntryPoint","urlTemplate":"https:\/\/agro-kuca.hr\/?s={search_term_string}"},"query-input":{"@type":"PropertyValueSpecification","valueRequired":true,"valueName":"search_term_string"}}],"inLanguage":"en-US"},{"@type":"Organization","@id":"https:\/\/agro-kuca.hr\/#organization","name":"Agro-ku\u0107a d.o.o.","url":"https:\/\/agro-kuca.hr\/","logo":{"@type":"ImageObject","inLanguage":"en-US","@id":"https:\/\/agro-kuca.hr\/#\/schema\/logo\/image\/","url":"https:\/\/agro-kuca.hr\/wp-content\/uploads\/2019\/07\/agrokuca-logo.png","contentUrl":"https:\/\/agro-kuca.hr\/wp-content\/uploads\/2019\/07\/agrokuca-logo.png","width":300,"height":84,"caption":"Agro-ku\u0107a d.o.o."},"image":{"@id":"https:\/\/agro-kuca.hr\/#\/schema\/logo\/image\/"},"sameAs":["https:\/\/www.facebook.com\/AgroKucaKoprivnica\/"]}]}},"_links":{"self":[{"href":"https:\/\/agro-kuca.hr\/en\/wp-json\/wp\/v2\/product\/24660","targetHints":{"allow":["GET"]}}],"collection":[{"href":"https:\/\/agro-kuca.hr\/en\/wp-json\/wp\/v2\/product"}],"about":[{"href":"https:\/\/agro-kuca.hr\/en\/wp-json\/wp\/v2\/types\/product"}],"wp:featuredmedia":[{"embeddable":true,"href":"https:\/\/agro-kuca.hr\/en\/wp-json\/wp\/v2\/media\/24661"}],"wp:attachment":[{"href":"https:\/\/agro-kuca.hr\/en\/wp-json\/wp\/v2\/media?parent=24660"}],"wp:term":[{"taxonomy":"product_brand","embeddable":true,"href":"https:\/\/agro-kuca.hr\/en\/wp-json\/wp\/v2\/product_brand?post=24660"},{"taxonomy":"product_cat","embeddable":true,"href":"https:\/\/agro-kuca.hr\/en\/wp-json\/wp\/v2\/product_cat?post=24660"},{"taxonomy":"product_tag","embeddable":true,"href":"https:\/\/agro-kuca.hr\/en\/wp-json\/wp\/v2\/product_tag?post=24660"}],"curies":[{"name":"wp","href":"https:\/\/api.w.org\/{rel}","templated":true}]}}