{"id":3594,"date":"2019-05-24T10:35:22","date_gmt":"2019-05-24T08:35:22","guid":{"rendered":"https:\/\/agro-kuca.hr\/\/proizvod\/supstrat-za-sijanje-i-nicanje-10-l\/"},"modified":"2024-01-16T14:21:40","modified_gmt":"2024-01-16T13:21:40","slug":"supstrat-za-sijanje-i-nicanje-10-l","status":"publish","type":"product","link":"https:\/\/agro-kuca.hr\/en\/proizvod\/supstrat-za-sijanje-i-nicanje-10-l\/","title":{"rendered":"AGRO SUPSTRAT ZA SIJANJE 10 LITARA"},"content":{"rendered":"","protected":false},"excerpt":{"rendered":"<ul>\n<li>Sadr\u017ei treset, pijesak, fine je strukture, optimalan sadr\u017eaj hranjivih tvari za ravnomjernu klijavost sjemena i reznica koje postaju duboko ukorijenjene<\/li>\n<li>Sadr\u017ei aktivator za zakorijenjivanje koji je idealan za zdrav rast mladih biljaka<\/li>\n<li>Posebne, fine strukture, namijenjen klijavosti sjemena te za presa\u0111ivanje mladih biljaka<\/li>\n<li>Za duboku ukorijenjenost reznica<\/li>\n<li>Za uzgoj sadnog materijala cvije\u0107a i povr\u0107a<\/li>\n<li>Za vegetativno razmno\u017eavanje biljaka<\/li>\n<\/ul>\n","protected":false},"featured_media":16629,"template":"","meta":{"_acf_changed":false},"product_brand":[],"product_cat":[59],"product_tag":[],"class_list":{"0":"post-3594","1":"product","2":"type-product","3":"status-publish","4":"has-post-thumbnail","6":"product_cat-supstrati-supstrati","8":"first","9":"instock","10":"shipping-taxable","11":"purchasable","12":"product-type-simple"},"acf":[],"yoast_head":"<!-- This site is optimized with the Yoast SEO plugin v25.8 - https:\/\/yoast.com\/wordpress\/plugins\/seo\/ -->\n<title>AGRO SUPSTRAT ZA SIJANJE 10 LITARA - Agro-ku\u0107a d.o.o., Koprivnica<\/title>\n<meta name=\"robots\" content=\"index, follow, max-snippet:-1, max-image-preview:large, max-video-preview:-1\" \/>\n<link rel=\"canonical\" href=\"https:\/\/agro-kuca.hr\/proizvod\/supstrat-za-sijanje-i-nicanje-10-l\/\" \/>\n<meta property=\"og:locale\" content=\"en_US\" \/>\n<meta property=\"og:type\" content=\"article\" \/>\n<meta property=\"og:title\" content=\"AGRO SUPSTRAT ZA SIJANJE 10 LITARA - Agro-ku\u0107a d.o.o., Koprivnica\" \/>\n<meta property=\"og:description\" content=\"Sadr\u017ei treset, pijesak, fine je strukture, optimalan sadr\u017eaj hranjivih tvari za ravnomjernu klijavost sjemena i reznica koje postaju duboko ukorijenjene  Sadr\u017ei aktivator za zakorijenjivanje koji je idealan za zdrav rast mladih biljaka  Posebne, fine strukture, namijenjen klijavosti sjemena te za presa\u0111ivanje mladih biljaka  Za duboku ukorijenjenost reznica  Za uzgoj sadnog materijala cvije\u0107a i povr\u0107a  Za vegetativno razmno\u017eavanje biljaka\" \/>\n<meta property=\"og:url\" content=\"https:\/\/agro-kuca.hr\/proizvod\/supstrat-za-sijanje-i-nicanje-10-l\/\" \/>\n<meta property=\"og:site_name\" content=\"Agro-ku\u0107a d.o.o., Koprivnica\" \/>\n<meta property=\"article:publisher\" content=\"https:\/\/www.facebook.com\/AgroKucaKoprivnica\/\" \/>\n<meta property=\"article:modified_time\" content=\"2024-01-16T13:21:40+00:00\" \/>\n<meta property=\"og:image\" content=\"https:\/\/agro-kuca.hr\/wp-content\/uploads\/2019\/05\/00018a_agro_substrat-pro-vysev-a-mnozeni_10-l.jpg\" \/>\n\t<meta property=\"og:image:width\" content=\"250\" \/>\n\t<meta property=\"og:image:height\" content=\"250\" \/>\n\t<meta property=\"og:image:type\" content=\"image\/jpeg\" \/>\n<meta name=\"twitter:card\" content=\"summary_large_image\" \/>\n<script type=\"application\/ld+json\" class=\"yoast-schema-graph\">{\"@context\":\"https:\/\/schema.org\",\"@graph\":[{\"@type\":\"WebPage\",\"@id\":\"https:\/\/agro-kuca.hr\/proizvod\/supstrat-za-sijanje-i-nicanje-10-l\/\",\"url\":\"https:\/\/agro-kuca.hr\/proizvod\/supstrat-za-sijanje-i-nicanje-10-l\/\",\"name\":\"AGRO SUPSTRAT ZA SIJANJE 10 LITARA - Agro-ku\u0107a d.o.o., Koprivnica\",\"isPartOf\":{\"@id\":\"https:\/\/agro-kuca.hr\/#website\"},\"primaryImageOfPage\":{\"@id\":\"https:\/\/agro-kuca.hr\/proizvod\/supstrat-za-sijanje-i-nicanje-10-l\/#primaryimage\"},\"image\":{\"@id\":\"https:\/\/agro-kuca.hr\/proizvod\/supstrat-za-sijanje-i-nicanje-10-l\/#primaryimage\"},\"thumbnailUrl\":\"https:\/\/agro-kuca.hr\/wp-content\/uploads\/2019\/05\/00018a_agro_substrat-pro-vysev-a-mnozeni_10-l.jpg\",\"datePublished\":\"2019-05-24T08:35:22+00:00\",\"dateModified\":\"2024-01-16T13:21:40+00:00\",\"breadcrumb\":{\"@id\":\"https:\/\/agro-kuca.hr\/proizvod\/supstrat-za-sijanje-i-nicanje-10-l\/#breadcrumb\"},\"inLanguage\":\"en-US\",\"potentialAction\":[{\"@type\":\"ReadAction\",\"target\":[\"https:\/\/agro-kuca.hr\/proizvod\/supstrat-za-sijanje-i-nicanje-10-l\/\"]}]},{\"@type\":\"ImageObject\",\"inLanguage\":\"en-US\",\"@id\":\"https:\/\/agro-kuca.hr\/proizvod\/supstrat-za-sijanje-i-nicanje-10-l\/#primaryimage\",\"url\":\"https:\/\/agro-kuca.hr\/wp-content\/uploads\/2019\/05\/00018a_agro_substrat-pro-vysev-a-mnozeni_10-l.jpg\",\"contentUrl\":\"https:\/\/agro-kuca.hr\/wp-content\/uploads\/2019\/05\/00018a_agro_substrat-pro-vysev-a-mnozeni_10-l.jpg\",\"width\":250,\"height\":250},{\"@type\":\"BreadcrumbList\",\"@id\":\"https:\/\/agro-kuca.hr\/proizvod\/supstrat-za-sijanje-i-nicanje-10-l\/#breadcrumb\",\"itemListElement\":[{\"@type\":\"ListItem\",\"position\":1,\"name\":\"Po\u010detna stranica\",\"item\":\"https:\/\/agro-kuca.hr\/\"},{\"@type\":\"ListItem\",\"position\":2,\"name\":\"Trgovina\",\"item\":\"https:\/\/agro-kuca.hr\/trgovina\/\"},{\"@type\":\"ListItem\",\"position\":3,\"name\":\"AGRO SUPSTRAT ZA SIJANJE 10 LITARA\"}]},{\"@type\":\"WebSite\",\"@id\":\"https:\/\/agro-kuca.hr\/#website\",\"url\":\"https:\/\/agro-kuca.hr\/\",\"name\":\"Agro-ku\u0107a d.o.o., Koprivnica\",\"description\":\"Agro-ku\u0107a d.o.o. sa sjedi\u0161tem u Koprivnici. Veleprodaja i maloprodaja proizvoda za poljoprivredu. Vrtni centar. Turizam.\",\"publisher\":{\"@id\":\"https:\/\/agro-kuca.hr\/#organization\"},\"potentialAction\":[{\"@type\":\"SearchAction\",\"target\":{\"@type\":\"EntryPoint\",\"urlTemplate\":\"https:\/\/agro-kuca.hr\/?s={search_term_string}\"},\"query-input\":{\"@type\":\"PropertyValueSpecification\",\"valueRequired\":true,\"valueName\":\"search_term_string\"}}],\"inLanguage\":\"en-US\"},{\"@type\":\"Organization\",\"@id\":\"https:\/\/agro-kuca.hr\/#organization\",\"name\":\"Agro-ku\u0107a d.o.o.\",\"url\":\"https:\/\/agro-kuca.hr\/\",\"logo\":{\"@type\":\"ImageObject\",\"inLanguage\":\"en-US\",\"@id\":\"https:\/\/agro-kuca.hr\/#\/schema\/logo\/image\/\",\"url\":\"https:\/\/agro-kuca.hr\/wp-content\/uploads\/2019\/07\/agrokuca-logo.png\",\"contentUrl\":\"https:\/\/agro-kuca.hr\/wp-content\/uploads\/2019\/07\/agrokuca-logo.png\",\"width\":300,\"height\":84,\"caption\":\"Agro-ku\u0107a d.o.o.\"},\"image\":{\"@id\":\"https:\/\/agro-kuca.hr\/#\/schema\/logo\/image\/\"},\"sameAs\":[\"https:\/\/www.facebook.com\/AgroKucaKoprivnica\/\"]}]}<\/script>\n<!-- \/ Yoast SEO plugin. -->","yoast_head_json":{"title":"AGRO SUPSTRAT ZA SIJANJE 10 LITARA - Agro-ku\u0107a d.o.o., Koprivnica","robots":{"index":"index","follow":"follow","max-snippet":"max-snippet:-1","max-image-preview":"max-image-preview:large","max-video-preview":"max-video-preview:-1"},"canonical":"https:\/\/agro-kuca.hr\/proizvod\/supstrat-za-sijanje-i-nicanje-10-l\/","og_locale":"en_US","og_type":"article","og_title":"AGRO SUPSTRAT ZA SIJANJE 10 LITARA - Agro-ku\u0107a d.o.o., Koprivnica","og_description":"Sadr\u017ei treset, pijesak, fine je strukture, optimalan sadr\u017eaj hranjivih tvari za ravnomjernu klijavost sjemena i reznica koje postaju duboko ukorijenjene  Sadr\u017ei aktivator za zakorijenjivanje koji je idealan za zdrav rast mladih biljaka  Posebne, fine strukture, namijenjen klijavosti sjemena te za presa\u0111ivanje mladih biljaka  Za duboku ukorijenjenost reznica  Za uzgoj sadnog materijala cvije\u0107a i povr\u0107a  Za vegetativno razmno\u017eavanje biljaka","og_url":"https:\/\/agro-kuca.hr\/proizvod\/supstrat-za-sijanje-i-nicanje-10-l\/","og_site_name":"Agro-ku\u0107a d.o.o., Koprivnica","article_publisher":"https:\/\/www.facebook.com\/AgroKucaKoprivnica\/","article_modified_time":"2024-01-16T13:21:40+00:00","og_image":[{"width":250,"height":250,"url":"https:\/\/agro-kuca.hr\/wp-content\/uploads\/2019\/05\/00018a_agro_substrat-pro-vysev-a-mnozeni_10-l.jpg","type":"image\/jpeg"}],"twitter_card":"summary_large_image","schema":{"@context":"https:\/\/schema.org","@graph":[{"@type":"WebPage","@id":"https:\/\/agro-kuca.hr\/proizvod\/supstrat-za-sijanje-i-nicanje-10-l\/","url":"https:\/\/agro-kuca.hr\/proizvod\/supstrat-za-sijanje-i-nicanje-10-l\/","name":"AGRO SUPSTRAT ZA SIJANJE 10 LITARA - Agro-ku\u0107a d.o.o., Koprivnica","isPartOf":{"@id":"https:\/\/agro-kuca.hr\/#website"},"primaryImageOfPage":{"@id":"https:\/\/agro-kuca.hr\/proizvod\/supstrat-za-sijanje-i-nicanje-10-l\/#primaryimage"},"image":{"@id":"https:\/\/agro-kuca.hr\/proizvod\/supstrat-za-sijanje-i-nicanje-10-l\/#primaryimage"},"thumbnailUrl":"https:\/\/agro-kuca.hr\/wp-content\/uploads\/2019\/05\/00018a_agro_substrat-pro-vysev-a-mnozeni_10-l.jpg","datePublished":"2019-05-24T08:35:22+00:00","dateModified":"2024-01-16T13:21:40+00:00","breadcrumb":{"@id":"https:\/\/agro-kuca.hr\/proizvod\/supstrat-za-sijanje-i-nicanje-10-l\/#breadcrumb"},"inLanguage":"en-US","potentialAction":[{"@type":"ReadAction","target":["https:\/\/agro-kuca.hr\/proizvod\/supstrat-za-sijanje-i-nicanje-10-l\/"]}]},{"@type":"ImageObject","inLanguage":"en-US","@id":"https:\/\/agro-kuca.hr\/proizvod\/supstrat-za-sijanje-i-nicanje-10-l\/#primaryimage","url":"https:\/\/agro-kuca.hr\/wp-content\/uploads\/2019\/05\/00018a_agro_substrat-pro-vysev-a-mnozeni_10-l.jpg","contentUrl":"https:\/\/agro-kuca.hr\/wp-content\/uploads\/2019\/05\/00018a_agro_substrat-pro-vysev-a-mnozeni_10-l.jpg","width":250,"height":250},{"@type":"BreadcrumbList","@id":"https:\/\/agro-kuca.hr\/proizvod\/supstrat-za-sijanje-i-nicanje-10-l\/#breadcrumb","itemListElement":[{"@type":"ListItem","position":1,"name":"Po\u010detna stranica","item":"https:\/\/agro-kuca.hr\/"},{"@type":"ListItem","position":2,"name":"Trgovina","item":"https:\/\/agro-kuca.hr\/trgovina\/"},{"@type":"ListItem","position":3,"name":"AGRO SUPSTRAT ZA SIJANJE 10 LITARA"}]},{"@type":"WebSite","@id":"https:\/\/agro-kuca.hr\/#website","url":"https:\/\/agro-kuca.hr\/","name":"Agro-ku\u0107a d.o.o., Koprivnica","description":"Agro-ku\u0107a d.o.o. sa sjedi\u0161tem u Koprivnici. Veleprodaja i maloprodaja proizvoda za poljoprivredu. Vrtni centar. Turizam.","publisher":{"@id":"https:\/\/agro-kuca.hr\/#organization"},"potentialAction":[{"@type":"SearchAction","target":{"@type":"EntryPoint","urlTemplate":"https:\/\/agro-kuca.hr\/?s={search_term_string}"},"query-input":{"@type":"PropertyValueSpecification","valueRequired":true,"valueName":"search_term_string"}}],"inLanguage":"en-US"},{"@type":"Organization","@id":"https:\/\/agro-kuca.hr\/#organization","name":"Agro-ku\u0107a d.o.o.","url":"https:\/\/agro-kuca.hr\/","logo":{"@type":"ImageObject","inLanguage":"en-US","@id":"https:\/\/agro-kuca.hr\/#\/schema\/logo\/image\/","url":"https:\/\/agro-kuca.hr\/wp-content\/uploads\/2019\/07\/agrokuca-logo.png","contentUrl":"https:\/\/agro-kuca.hr\/wp-content\/uploads\/2019\/07\/agrokuca-logo.png","width":300,"height":84,"caption":"Agro-ku\u0107a d.o.o."},"image":{"@id":"https:\/\/agro-kuca.hr\/#\/schema\/logo\/image\/"},"sameAs":["https:\/\/www.facebook.com\/AgroKucaKoprivnica\/"]}]}},"_links":{"self":[{"href":"https:\/\/agro-kuca.hr\/en\/wp-json\/wp\/v2\/product\/3594","targetHints":{"allow":["GET"]}}],"collection":[{"href":"https:\/\/agro-kuca.hr\/en\/wp-json\/wp\/v2\/product"}],"about":[{"href":"https:\/\/agro-kuca.hr\/en\/wp-json\/wp\/v2\/types\/product"}],"wp:featuredmedia":[{"embeddable":true,"href":"https:\/\/agro-kuca.hr\/en\/wp-json\/wp\/v2\/media\/16629"}],"wp:attachment":[{"href":"https:\/\/agro-kuca.hr\/en\/wp-json\/wp\/v2\/media?parent=3594"}],"wp:term":[{"taxonomy":"product_brand","embeddable":true,"href":"https:\/\/agro-kuca.hr\/en\/wp-json\/wp\/v2\/product_brand?post=3594"},{"taxonomy":"product_cat","embeddable":true,"href":"https:\/\/agro-kuca.hr\/en\/wp-json\/wp\/v2\/product_cat?post=3594"},{"taxonomy":"product_tag","embeddable":true,"href":"https:\/\/agro-kuca.hr\/en\/wp-json\/wp\/v2\/product_tag?post=3594"}],"curies":[{"name":"wp","href":"https:\/\/api.w.org\/{rel}","templated":true}]}}